{"id":226505,"date":"2025-02-12T18:15:35","date_gmt":"2025-02-12T21:15:35","guid":{"rendered":"https:\/\/atormentador.com.br\/?page_id=226505"},"modified":"2025-02-12T18:15:36","modified_gmt":"2025-02-12T21:15:36","slug":"sobre","status":"publish","type":"page","link":"https:\/\/atormentador.com.br\/en\/sobre\/","title":{"rendered":"Sobre"},"content":{"rendered":"<p>Desde 2008, nosso site \u00e9 um ref\u00fagio para os apaixonados por contos originais de terror e fic\u00e7\u00e3o. Aqui, mergulhamos nas profundezas do desconhecido e exploramos os limites da imagina\u00e7\u00e3o com hist\u00f3rias que arrepiam, intrigam e fascinam. Nossos contos s\u00e3o cuidadosamente elaborados para transportar voc\u00ea a mundos sombrios, onde o medo \u00e9 palp\u00e1vel e o mist\u00e9rio est\u00e1 \u00e0 espreita em cada canto. Prepare-se para aventuras liter\u00e1rias que ir\u00e3o desafiar sua coragem e acender sua curiosidade. <\/p>\n\n\n\n<p>Bem-vindo ao nosso universo de terror e fic\u00e7\u00e3o!<\/p>\n\n\n\n<p>Confira agora nosso primeiro v\u00eddeo do Youtube publicado em 2008 com mais de 1,2 milh\u00f5es de visualiza\u00e7\u00f5es.<\/p>\n\n\n\n<figure class=\"wp-block-embed is-type-video is-provider-youtube wp-block-embed-youtube wp-embed-aspect-4-3 wp-has-aspect-ratio\"><div class=\"wp-block-embed__wrapper\">\n<iframe loading=\"lazy\" title=\"Sons e vozes do Inferno - Atormentador\" width=\"640\" height=\"480\" src=\"https:\/\/www.youtube.com\/embed\/Ca9UJVHOg5Q?feature=oembed\" frameborder=\"0\" allow=\"accelerometer; autoplay; clipboard-write; encrypted-media; gyroscope; picture-in-picture; web-share\" referrerpolicy=\"strict-origin-when-cross-origin\" allowfullscreen><\/iframe>\n<\/div><\/figure>","protected":false},"excerpt":{"rendered":"<p>Desde 2008, nosso site \u00e9 um ref\u00fagio para os apaixonados por contos originais de terror e fic\u00e7\u00e3o. Aqui, mergulhamos nas profundezas do desconhecido e exploramos os limites da imagina\u00e7\u00e3o com hist\u00f3rias que arrepiam, intrigam e fascinam. Nossos contos s\u00e3o cuidadosamente elaborados para transportar voc\u00ea a mundos sombrios, onde o medo \u00e9 palp\u00e1vel e o mist\u00e9rio [&hellip;]<\/p>","protected":false},"author":1,"featured_media":0,"parent":0,"menu_order":0,"comment_status":"closed","ping_status":"closed","template":"","meta":{"footnotes":""},"class_list":["post-226505","page","type-page","status-publish","hentry","eq-blocks"],"yoast_head":"<!-- This site is optimized with the Yoast SEO plugin v25.0 - https:\/\/yoast.com\/wordpress\/plugins\/seo\/ -->\n<title>Sobre - Atormentador - Contos Originais, Terror, Horror e Fic\u00e7\u00e3o<\/title>\n<meta name=\"robots\" content=\"index, follow, max-snippet:-1, max-image-preview:large, max-video-preview:-1\" \/>\n<link rel=\"canonical\" href=\"https:\/\/atormentador.com.br\/en\/sobre\/\" \/>\n<meta property=\"og:locale\" content=\"en_US\" \/>\n<meta property=\"og:type\" content=\"article\" \/>\n<meta property=\"og:title\" content=\"Sobre - Atormentador - Contos Originais, Terror, Horror e Fic\u00e7\u00e3o\" \/>\n<meta property=\"og:description\" content=\"Desde 2008, nosso site \u00e9 um ref\u00fagio para os apaixonados por contos originais de terror e fic\u00e7\u00e3o. Aqui, mergulhamos nas profundezas do desconhecido e exploramos os limites da imagina\u00e7\u00e3o com hist\u00f3rias que arrepiam, intrigam e fascinam. Nossos contos s\u00e3o cuidadosamente elaborados para transportar voc\u00ea a mundos sombrios, onde o medo \u00e9 palp\u00e1vel e o mist\u00e9rio [&hellip;]\" \/>\n<meta property=\"og:url\" content=\"https:\/\/atormentador.com.br\/en\/sobre\/\" \/>\n<meta property=\"og:site_name\" content=\"Atormentador - Contos Originais, Terror, Horror e Fic\u00e7\u00e3o\" \/>\n<meta property=\"article:modified_time\" content=\"2025-02-12T21:15:36+00:00\" \/>\n<meta name=\"twitter:card\" content=\"summary_large_image\" \/>\n<meta name=\"twitter:label1\" content=\"Est. reading time\" \/>\n\t<meta name=\"twitter:data1\" content=\"1 minute\" \/>\n<script type=\"application\/ld+json\" class=\"yoast-schema-graph\">{\"@context\":\"https:\/\/schema.org\",\"@graph\":[{\"@type\":\"WebPage\",\"@id\":\"https:\/\/atormentador.com.br\/sobre\/\",\"url\":\"https:\/\/atormentador.com.br\/sobre\/\",\"name\":\"Sobre - Atormentador - Contos Originais, Terror, Horror e Fic\u00e7\u00e3o\",\"isPartOf\":{\"@id\":\"https:\/\/atormentador.com.br\/#website\"},\"datePublished\":\"2025-02-12T21:15:35+00:00\",\"dateModified\":\"2025-02-12T21:15:36+00:00\",\"breadcrumb\":{\"@id\":\"https:\/\/atormentador.com.br\/sobre\/#breadcrumb\"},\"inLanguage\":\"en-US\",\"potentialAction\":[{\"@type\":\"ReadAction\",\"target\":[\"https:\/\/atormentador.com.br\/sobre\/\"]}]},{\"@type\":\"BreadcrumbList\",\"@id\":\"https:\/\/atormentador.com.br\/sobre\/#breadcrumb\",\"itemListElement\":[{\"@type\":\"ListItem\",\"position\":1,\"name\":\"In\u00edcio\",\"item\":\"https:\/\/atormentador.com.br\/\"},{\"@type\":\"ListItem\",\"position\":2,\"name\":\"Sobre\"}]},{\"@type\":\"WebSite\",\"@id\":\"https:\/\/atormentador.com.br\/#website\",\"url\":\"https:\/\/atormentador.com.br\/\",\"name\":\"Atormentador - Contos Originais, Terror, Horror e Fic\u00e7\u00e3o Cient\u00edfica, Sci-Fi\",\"description\":\"Contos Originais, Terror, Horror e Fic\u00e7\u00e3o\",\"publisher\":{\"@id\":\"https:\/\/atormentador.com.br\/#\/schema\/person\/24945385e2b6dd028cf5c6ce53497a7e\"},\"potentialAction\":[{\"@type\":\"SearchAction\",\"target\":{\"@type\":\"EntryPoint\",\"urlTemplate\":\"https:\/\/atormentador.com.br\/?s={search_term_string}\"},\"query-input\":{\"@type\":\"PropertyValueSpecification\",\"valueRequired\":true,\"valueName\":\"search_term_string\"}}],\"inLanguage\":\"en-US\"},{\"@type\":[\"Person\",\"Organization\"],\"@id\":\"https:\/\/atormentador.com.br\/#\/schema\/person\/24945385e2b6dd028cf5c6ce53497a7e\",\"name\":\"rene\",\"image\":{\"@type\":\"ImageObject\",\"inLanguage\":\"en-US\",\"@id\":\"https:\/\/atormentador.com.br\/#\/schema\/person\/image\/\",\"url\":\"https:\/\/atormentador.com.br\/wp-content\/uploads\/2019\/10\/cropped-cropped-logo_atormentador.png\",\"contentUrl\":\"https:\/\/atormentador.com.br\/wp-content\/uploads\/2019\/10\/cropped-cropped-logo_atormentador.png\",\"width\":267,\"height\":90,\"caption\":\"rene\"},\"logo\":{\"@id\":\"https:\/\/atormentador.com.br\/#\/schema\/person\/image\/\"},\"description\":\"Profissional na \u00e1rea de TI sempre tive como hobby escrever contos.\",\"sameAs\":[\"http:\/\/www.atormentador.com.br\"]}]}<\/script>\n<!-- \/ Yoast SEO plugin. -->","yoast_head_json":{"title":"Sobre - Atormentador - Contos Originais, Terror, Horror e Fic\u00e7\u00e3o","robots":{"index":"index","follow":"follow","max-snippet":"max-snippet:-1","max-image-preview":"max-image-preview:large","max-video-preview":"max-video-preview:-1"},"canonical":"https:\/\/atormentador.com.br\/en\/sobre\/","og_locale":"en_US","og_type":"article","og_title":"Sobre - Atormentador - Contos Originais, Terror, Horror e Fic\u00e7\u00e3o","og_description":"Desde 2008, nosso site \u00e9 um ref\u00fagio para os apaixonados por contos originais de terror e fic\u00e7\u00e3o. Aqui, mergulhamos nas profundezas do desconhecido e exploramos os limites da imagina\u00e7\u00e3o com hist\u00f3rias que arrepiam, intrigam e fascinam. Nossos contos s\u00e3o cuidadosamente elaborados para transportar voc\u00ea a mundos sombrios, onde o medo \u00e9 palp\u00e1vel e o mist\u00e9rio [&hellip;]","og_url":"https:\/\/atormentador.com.br\/en\/sobre\/","og_site_name":"Atormentador - Contos Originais, Terror, Horror e Fic\u00e7\u00e3o","article_modified_time":"2025-02-12T21:15:36+00:00","twitter_card":"summary_large_image","twitter_misc":{"Est. reading time":"1 minute"},"schema":{"@context":"https:\/\/schema.org","@graph":[{"@type":"WebPage","@id":"https:\/\/atormentador.com.br\/sobre\/","url":"https:\/\/atormentador.com.br\/sobre\/","name":"Sobre - Atormentador - Contos Originais, Terror, Horror e Fic\u00e7\u00e3o","isPartOf":{"@id":"https:\/\/atormentador.com.br\/#website"},"datePublished":"2025-02-12T21:15:35+00:00","dateModified":"2025-02-12T21:15:36+00:00","breadcrumb":{"@id":"https:\/\/atormentador.com.br\/sobre\/#breadcrumb"},"inLanguage":"en-US","potentialAction":[{"@type":"ReadAction","target":["https:\/\/atormentador.com.br\/sobre\/"]}]},{"@type":"BreadcrumbList","@id":"https:\/\/atormentador.com.br\/sobre\/#breadcrumb","itemListElement":[{"@type":"ListItem","position":1,"name":"In\u00edcio","item":"https:\/\/atormentador.com.br\/"},{"@type":"ListItem","position":2,"name":"Sobre"}]},{"@type":"WebSite","@id":"https:\/\/atormentador.com.br\/#website","url":"https:\/\/atormentador.com.br\/","name":"Atormentador - Contos Originais, Terror, Horror e Fic\u00e7\u00e3o Cient\u00edfica, Sci-Fi","description":"Contos Originais, Terror, Horror e Fic\u00e7\u00e3o","publisher":{"@id":"https:\/\/atormentador.com.br\/#\/schema\/person\/24945385e2b6dd028cf5c6ce53497a7e"},"potentialAction":[{"@type":"SearchAction","target":{"@type":"EntryPoint","urlTemplate":"https:\/\/atormentador.com.br\/?s={search_term_string}"},"query-input":{"@type":"PropertyValueSpecification","valueRequired":true,"valueName":"search_term_string"}}],"inLanguage":"en-US"},{"@type":["Person","Organization"],"@id":"https:\/\/atormentador.com.br\/#\/schema\/person\/24945385e2b6dd028cf5c6ce53497a7e","name":"rene","image":{"@type":"ImageObject","inLanguage":"en-US","@id":"https:\/\/atormentador.com.br\/#\/schema\/person\/image\/","url":"https:\/\/atormentador.com.br\/wp-content\/uploads\/2019\/10\/cropped-cropped-logo_atormentador.png","contentUrl":"https:\/\/atormentador.com.br\/wp-content\/uploads\/2019\/10\/cropped-cropped-logo_atormentador.png","width":267,"height":90,"caption":"rene"},"logo":{"@id":"https:\/\/atormentador.com.br\/#\/schema\/person\/image\/"},"description":"Profissional na \u00e1rea de TI sempre tive como hobby escrever contos.","sameAs":["http:\/\/www.atormentador.com.br"]}]}},"_links":{"self":[{"href":"https:\/\/atormentador.com.br\/en\/wp-json\/wp\/v2\/pages\/226505","targetHints":{"allow":["GET"]}}],"collection":[{"href":"https:\/\/atormentador.com.br\/en\/wp-json\/wp\/v2\/pages"}],"about":[{"href":"https:\/\/atormentador.com.br\/en\/wp-json\/wp\/v2\/types\/page"}],"author":[{"embeddable":true,"href":"https:\/\/atormentador.com.br\/en\/wp-json\/wp\/v2\/users\/1"}],"replies":[{"embeddable":true,"href":"https:\/\/atormentador.com.br\/en\/wp-json\/wp\/v2\/comments?post=226505"}],"version-history":[{"count":1,"href":"https:\/\/atormentador.com.br\/en\/wp-json\/wp\/v2\/pages\/226505\/revisions"}],"predecessor-version":[{"id":226507,"href":"https:\/\/atormentador.com.br\/en\/wp-json\/wp\/v2\/pages\/226505\/revisions\/226507"}],"wp:attachment":[{"href":"https:\/\/atormentador.com.br\/en\/wp-json\/wp\/v2\/media?parent=226505"}],"curies":[{"name":"wp","href":"https:\/\/api.w.org\/{rel}","templated":true}]}}