{"id":113,"date":"2020-03-04T15:47:18","date_gmt":"2020-03-04T18:47:18","guid":{"rendered":"http:\/\/atormentador.com.br\/?page_id=113"},"modified":"2023-05-28T10:20:59","modified_gmt":"2023-05-28T13:20:59","slug":"contato","status":"publish","type":"page","link":"https:\/\/atormentador.com.br\/en\/contato\/","title":{"rendered":"Contact"},"content":{"rendered":"<p>Se deseja nos mandar uma mensagem, basta preencher o formul\u00e1rio abaixo que teremos o prazer em lhe responder. <\/p>\n\n\n\n<div class=\"forminator-guttenberg\"><div class=\"forminator-ui forminator-custom-form forminator-custom-form-226499 forminator-design--default  forminator_ajax\" data-forminator-render=\"0\" data-form=\"forminator-module-226499\" data-uid=\"69d3ec427d8c6\"><br\/><\/div><form\n\t\t\t\tid=\"forminator-module-226499\"\n\t\t\t\tclass=\"forminator-ui forminator-custom-form forminator-custom-form-226499 forminator-design--default  forminator_ajax\"\n\t\t\t\tmethod=\"post\"\n\t\t\t\tdata-forminator-render=\"0\"\n\t\t\t\tdata-form-id=\"226499\"\n\t\t\t\t\n\t\t\t\tdata-design=\"default\"\n\t\t\t\t\n\t\t\t\t\n\t\t\t\t\n\t\t\t\tdata-grid=\"open\"\n\t\t\t\t\n\t\t\t\t\n\t\t\t\tstyle=\"display: none;\"\n\t\t\t\t\n\t\t\t\tdata-uid=\"69d3ec427d8c6\" action=\"\"\n\t\t\t><div role=\"alert\" aria-live=\"polite\" class=\"forminator-response-message forminator-error\" aria-hidden=\"true\"><\/div><div class=\"forminator-row\"><div id=\"text-1\" class=\"forminator-field-text forminator-col forminator-col-12\"><div class=\"forminator-field\"><label for=\"forminator-field-text-1_69d3ec427d8c6\" id=\"forminator-field-text-1_69d3ec427d8c6-label\" class=\"forminator-label\">Your name (required) <span class=\"forminator-required\">*<\/span><\/label><input type=\"text\" name=\"text-1\" value=\"\" placeholder=\"\" id=\"forminator-field-text-1_69d3ec427d8c6\" class=\"forminator-input forminator-name--field\" data-required=\"1\" \/><\/div><\/div><\/div><div class=\"forminator-row\"><div id=\"email-1\" class=\"forminator-field-email forminator-col forminator-col-12\"><div class=\"forminator-field\"><label for=\"forminator-field-email-1_69d3ec427d8c6\" id=\"forminator-field-email-1_69d3ec427d8c6-label\" class=\"forminator-label\">Your email (required) <span class=\"forminator-required\">*<\/span><\/label><input type=\"email\" name=\"email-1\" value=\"\" placeholder=\"\" id=\"forminator-field-email-1_69d3ec427d8c6\" class=\"forminator-input forminator-email--field\" data-required=\"1\" aria-required=\"true\" \/><\/div><\/div><\/div><div class=\"forminator-row\"><div id=\"text-2\" class=\"forminator-field-text forminator-col forminator-col-12\"><div class=\"forminator-field\"><label for=\"forminator-field-text-2_69d3ec427d8c6\" id=\"forminator-field-text-2_69d3ec427d8c6-label\" class=\"forminator-label\">Subject<\/label><input type=\"text\" name=\"text-2\" value=\"\" placeholder=\"\" id=\"forminator-field-text-2_69d3ec427d8c6\" class=\"forminator-input forminator-name--field\" data-required=\"\" \/><\/div><\/div><\/div><div class=\"forminator-row\"><div id=\"textarea-1\" class=\"forminator-field-textarea forminator-col forminator-col-12\"><div class=\"forminator-field\"><label for=\"forminator-field-textarea-1_69d3ec427d8c6\" id=\"forminator-field-textarea-1_69d3ec427d8c6-label\" class=\"forminator-label\">Your message<\/label><textarea name=\"textarea-1\" placeholder=\"\" id=\"forminator-field-textarea-1_69d3ec427d8c6\" class=\"forminator-textarea\" rows=\"6\" style=\"min-height:140px;\" ><\/textarea><\/div><\/div><\/div><div class=\"forminator-row\"><div id=\"captcha-1\" class=\"forminator-field-captcha forminator-col forminator-col-12\"><div class=\"forminator-captcha-left forminator-g-recaptcha recaptcha-invisible\" data-theme=\"light\" data-badge=\"inline\" data-sitekey=\"6Leh0UgmAAAAAFvyudo9EDkfFnZ0NCdtTph4j99k\" data-size=\"invisible\"><\/div> <\/div><\/div><input type=\"hidden\" name=\"referer_url\" value=\"\" \/><div class=\"forminator-row forminator-row-last\"><div class=\"forminator-col\"><div class=\"forminator-field\"><button class=\"forminator-button forminator-button-submit\">Send<\/button><\/div><\/div><\/div><input type=\"hidden\" id=\"forminator_nonce\" name=\"forminator_nonce\" value=\"b721fb133e\" \/><input type=\"hidden\" name=\"_wp_http_referer\" value=\"\/en\/wp-json\/wp\/v2\/pages\/113\" \/><input type=\"hidden\" name=\"form_id\" value=\"226499\"><input type=\"hidden\" name=\"page_id\" value=\"113\"><input type=\"hidden\" name=\"form_type\" value=\"default\"><input type=\"hidden\" name=\"current_url\" value=\"https:\/\/atormentador.com.br\/en\/contato\/\"><input type=\"hidden\" name=\"render_id\" value=\"0\"><input type=\"hidden\" name=\"action\" value=\"forminator_submit_form_custom-forms\"><input type=\"hidden\" name=\"trp-form-language\" value=\"en\"\/><\/form><\/div>","protected":false},"excerpt":{"rendered":"<p>Se deseja nos mandar uma mensagem, basta preencher o formul\u00e1rio abaixo que teremos o prazer em lhe responder.<\/p>","protected":false},"author":1,"featured_media":0,"parent":0,"menu_order":0,"comment_status":"closed","ping_status":"closed","template":"","meta":{"footnotes":""},"class_list":["post-113","page","type-page","status-publish","hentry","eq-blocks"],"yoast_head":"<!-- This site is optimized with the Yoast SEO plugin v25.0 - https:\/\/yoast.com\/wordpress\/plugins\/seo\/ -->\n<title>Contato - Atormentador - Contos Originais, Terror, Horror e Fic\u00e7\u00e3o<\/title>\n<meta name=\"robots\" content=\"index, follow, max-snippet:-1, max-image-preview:large, max-video-preview:-1\" \/>\n<link rel=\"canonical\" href=\"https:\/\/atormentador.com.br\/en\/contato\/\" \/>\n<meta property=\"og:locale\" content=\"en_US\" \/>\n<meta property=\"og:type\" content=\"article\" \/>\n<meta property=\"og:title\" content=\"Contato - Atormentador - Contos Originais, Terror, Horror e Fic\u00e7\u00e3o\" \/>\n<meta property=\"og:description\" content=\"Se deseja nos mandar uma mensagem, basta preencher o formul\u00e1rio abaixo que teremos o prazer em lhe responder.\" \/>\n<meta property=\"og:url\" content=\"https:\/\/atormentador.com.br\/en\/contato\/\" \/>\n<meta property=\"og:site_name\" content=\"Atormentador - Contos Originais, Terror, Horror e Fic\u00e7\u00e3o\" \/>\n<meta property=\"article:modified_time\" content=\"2023-05-28T13:20:59+00:00\" \/>\n<meta name=\"twitter:card\" content=\"summary_large_image\" \/>\n<meta name=\"twitter:label1\" content=\"Est. reading time\" \/>\n\t<meta name=\"twitter:data1\" content=\"1 minute\" \/>\n<script type=\"application\/ld+json\" class=\"yoast-schema-graph\">{\"@context\":\"https:\/\/schema.org\",\"@graph\":[{\"@type\":\"WebPage\",\"@id\":\"https:\/\/atormentador.com.br\/contato\/\",\"url\":\"https:\/\/atormentador.com.br\/contato\/\",\"name\":\"Contato - Atormentador - Contos Originais, Terror, Horror e Fic\u00e7\u00e3o\",\"isPartOf\":{\"@id\":\"https:\/\/atormentador.com.br\/#website\"},\"datePublished\":\"2020-03-04T18:47:18+00:00\",\"dateModified\":\"2023-05-28T13:20:59+00:00\",\"breadcrumb\":{\"@id\":\"https:\/\/atormentador.com.br\/contato\/#breadcrumb\"},\"inLanguage\":\"en-US\",\"potentialAction\":[{\"@type\":\"ReadAction\",\"target\":[\"https:\/\/atormentador.com.br\/contato\/\"]}]},{\"@type\":\"BreadcrumbList\",\"@id\":\"https:\/\/atormentador.com.br\/contato\/#breadcrumb\",\"itemListElement\":[{\"@type\":\"ListItem\",\"position\":1,\"name\":\"In\u00edcio\",\"item\":\"https:\/\/atormentador.com.br\/\"},{\"@type\":\"ListItem\",\"position\":2,\"name\":\"Contato\"}]},{\"@type\":\"WebSite\",\"@id\":\"https:\/\/atormentador.com.br\/#website\",\"url\":\"https:\/\/atormentador.com.br\/\",\"name\":\"Atormentador - Contos Originais, Terror, Horror e Fic\u00e7\u00e3o Cient\u00edfica, Sci-Fi\",\"description\":\"Contos Originais, Terror, Horror e Fic\u00e7\u00e3o\",\"publisher\":{\"@id\":\"https:\/\/atormentador.com.br\/#\/schema\/person\/24945385e2b6dd028cf5c6ce53497a7e\"},\"potentialAction\":[{\"@type\":\"SearchAction\",\"target\":{\"@type\":\"EntryPoint\",\"urlTemplate\":\"https:\/\/atormentador.com.br\/?s={search_term_string}\"},\"query-input\":{\"@type\":\"PropertyValueSpecification\",\"valueRequired\":true,\"valueName\":\"search_term_string\"}}],\"inLanguage\":\"en-US\"},{\"@type\":[\"Person\",\"Organization\"],\"@id\":\"https:\/\/atormentador.com.br\/#\/schema\/person\/24945385e2b6dd028cf5c6ce53497a7e\",\"name\":\"rene\",\"image\":{\"@type\":\"ImageObject\",\"inLanguage\":\"en-US\",\"@id\":\"https:\/\/atormentador.com.br\/#\/schema\/person\/image\/\",\"url\":\"https:\/\/atormentador.com.br\/wp-content\/uploads\/2019\/10\/cropped-cropped-logo_atormentador.png\",\"contentUrl\":\"https:\/\/atormentador.com.br\/wp-content\/uploads\/2019\/10\/cropped-cropped-logo_atormentador.png\",\"width\":267,\"height\":90,\"caption\":\"rene\"},\"logo\":{\"@id\":\"https:\/\/atormentador.com.br\/#\/schema\/person\/image\/\"},\"description\":\"Profissional na \u00e1rea de TI sempre tive como hobby escrever contos.\",\"sameAs\":[\"http:\/\/www.atormentador.com.br\"]}]}<\/script>\n<!-- \/ Yoast SEO plugin. -->","yoast_head_json":{"title":"Contato - Atormentador - Contos Originais, Terror, Horror e Fic\u00e7\u00e3o","robots":{"index":"index","follow":"follow","max-snippet":"max-snippet:-1","max-image-preview":"max-image-preview:large","max-video-preview":"max-video-preview:-1"},"canonical":"https:\/\/atormentador.com.br\/en\/contato\/","og_locale":"en_US","og_type":"article","og_title":"Contato - Atormentador - Contos Originais, Terror, Horror e Fic\u00e7\u00e3o","og_description":"Se deseja nos mandar uma mensagem, basta preencher o formul\u00e1rio abaixo que teremos o prazer em lhe responder.","og_url":"https:\/\/atormentador.com.br\/en\/contato\/","og_site_name":"Atormentador - Contos Originais, Terror, Horror e Fic\u00e7\u00e3o","article_modified_time":"2023-05-28T13:20:59+00:00","twitter_card":"summary_large_image","twitter_misc":{"Est. reading time":"1 minute"},"schema":{"@context":"https:\/\/schema.org","@graph":[{"@type":"WebPage","@id":"https:\/\/atormentador.com.br\/contato\/","url":"https:\/\/atormentador.com.br\/contato\/","name":"Contato - Atormentador - Contos Originais, Terror, Horror e Fic\u00e7\u00e3o","isPartOf":{"@id":"https:\/\/atormentador.com.br\/#website"},"datePublished":"2020-03-04T18:47:18+00:00","dateModified":"2023-05-28T13:20:59+00:00","breadcrumb":{"@id":"https:\/\/atormentador.com.br\/contato\/#breadcrumb"},"inLanguage":"en-US","potentialAction":[{"@type":"ReadAction","target":["https:\/\/atormentador.com.br\/contato\/"]}]},{"@type":"BreadcrumbList","@id":"https:\/\/atormentador.com.br\/contato\/#breadcrumb","itemListElement":[{"@type":"ListItem","position":1,"name":"In\u00edcio","item":"https:\/\/atormentador.com.br\/"},{"@type":"ListItem","position":2,"name":"Contato"}]},{"@type":"WebSite","@id":"https:\/\/atormentador.com.br\/#website","url":"https:\/\/atormentador.com.br\/","name":"Atormentador - Contos Originais, Terror, Horror e Fic\u00e7\u00e3o Cient\u00edfica, Sci-Fi","description":"Contos Originais, Terror, Horror e Fic\u00e7\u00e3o","publisher":{"@id":"https:\/\/atormentador.com.br\/#\/schema\/person\/24945385e2b6dd028cf5c6ce53497a7e"},"potentialAction":[{"@type":"SearchAction","target":{"@type":"EntryPoint","urlTemplate":"https:\/\/atormentador.com.br\/?s={search_term_string}"},"query-input":{"@type":"PropertyValueSpecification","valueRequired":true,"valueName":"search_term_string"}}],"inLanguage":"en-US"},{"@type":["Person","Organization"],"@id":"https:\/\/atormentador.com.br\/#\/schema\/person\/24945385e2b6dd028cf5c6ce53497a7e","name":"rene","image":{"@type":"ImageObject","inLanguage":"en-US","@id":"https:\/\/atormentador.com.br\/#\/schema\/person\/image\/","url":"https:\/\/atormentador.com.br\/wp-content\/uploads\/2019\/10\/cropped-cropped-logo_atormentador.png","contentUrl":"https:\/\/atormentador.com.br\/wp-content\/uploads\/2019\/10\/cropped-cropped-logo_atormentador.png","width":267,"height":90,"caption":"rene"},"logo":{"@id":"https:\/\/atormentador.com.br\/#\/schema\/person\/image\/"},"description":"Profissional na \u00e1rea de TI sempre tive como hobby escrever contos.","sameAs":["http:\/\/www.atormentador.com.br"]}]}},"_links":{"self":[{"href":"https:\/\/atormentador.com.br\/en\/wp-json\/wp\/v2\/pages\/113","targetHints":{"allow":["GET"]}}],"collection":[{"href":"https:\/\/atormentador.com.br\/en\/wp-json\/wp\/v2\/pages"}],"about":[{"href":"https:\/\/atormentador.com.br\/en\/wp-json\/wp\/v2\/types\/page"}],"author":[{"embeddable":true,"href":"https:\/\/atormentador.com.br\/en\/wp-json\/wp\/v2\/users\/1"}],"replies":[{"embeddable":true,"href":"https:\/\/atormentador.com.br\/en\/wp-json\/wp\/v2\/comments?post=113"}],"version-history":[{"count":3,"href":"https:\/\/atormentador.com.br\/en\/wp-json\/wp\/v2\/pages\/113\/revisions"}],"predecessor-version":[{"id":226500,"href":"https:\/\/atormentador.com.br\/en\/wp-json\/wp\/v2\/pages\/113\/revisions\/226500"}],"wp:attachment":[{"href":"https:\/\/atormentador.com.br\/en\/wp-json\/wp\/v2\/media?parent=113"}],"curies":[{"name":"wp","href":"https:\/\/api.w.org\/{rel}","templated":true}]}}